{"id":12775,"date":"2025-07-01T12:54:44","date_gmt":"2025-07-01T10:54:44","guid":{"rendered":"https:\/\/wisdomhub.staffino.com\/sprievodca\/"},"modified":"2025-07-02T12:15:24","modified_gmt":"2025-07-02T10:15:24","slug":"sprievodca","status":"publish","type":"page","link":"https:\/\/wisdomhub.staffino.com\/sk\/sprievodca\/","title":{"rendered":"Srievodca \ud83d\udca1"},"content":{"rendered":"\n<h2 class=\"wp-block-heading\">Jednoduch\u00fd n\u00e1vod, ako sa zorientova\u0165 v Staffino Wisdom Hub<\/h2>\n\n\n\n<p>Ste na str\u00e1nke Staffino Wisdom Hub prv\u00fdkr\u00e1t? Tu je p\u00e1r u\u017eito\u010dn\u00fdch tipov a inform\u00e1ci\u00ed, ktor\u00e9 v\u00e1m pom\u00f4\u017eu zorientova\u0165 sa na nej. <\/p>\n\n\n\n<p><strong>Vyh\u013ead\u00e1vacie polia<\/strong><br>Prv\u00e9 vyh\u013ead\u00e1vacie pole sa nach\u00e1dza priamo na <a href=\"https:\/\/wisdomhub.staffino.com\/sk\/\" data-type=\"page\" data-id=\"5352\">domovskej str\u00e1nke<\/a> \u2013 sta\u010d\u00ed za\u010da\u0165 p\u00edsa\u0165 a inteligentn\u00e9 vyh\u013ead\u00e1vanie v\u00e1m pon\u00fakne relevantn\u00e9 \u010dl\u00e1nky. Aktu\u00e1lne popul\u00e1rne \u010dl\u00e1nky funguj\u00fa ako r\u00fdchla vo\u013eba \u2013 kliknut\u00edm na n\u00e1vrh sa dostanete priamo na dan\u00fd \u010dl\u00e1nok. Po otvoren\u00ed \u010dl\u00e1nku zost\u00e1va vyh\u013ead\u00e1vacie pole v strede str\u00e1nky, tak\u017ee ho m\u00f4\u017eete kedyko\u013evek pou\u017ei\u0165 na vyh\u013eadanie \u010fal\u0161\u00edch \u010dl\u00e1nkov.   <br><br>Druh\u00e9 vyh\u013ead\u00e1vacie pole sa zobraz\u00ed po kliknut\u00ed na ikonu lupy umiestnen\u00fa v pravom hornom rohu str\u00e1nky, bez oh\u013eadu na to, kde sa na webe nach\u00e1dzate.<\/p>\n\n\n<div class=\"wp-block-image\">\n<figure class=\"aligncenter size-full\"><img fetchpriority=\"high\" decoding=\"async\" width=\"800\" height=\"374\" src=\"https:\/\/wisdomhub.staffino.com\/wp-content\/uploads\/2025\/07\/Zznamobrazovky2025-07-01o12.27.15-ezgif.com-video-to-gif-converter.gif\" alt=\"\" class=\"wp-image-12752\"\/><\/figure>\n<\/div>\n\n\n<p><strong>Jazykov\u00e9 verzie<\/strong><br>Webov\u00e1 str\u00e1nka je moment\u00e1lne dostupn\u00e1 v dvoch jazykoch: <strong>angli\u010dtina a sloven\u010dina<\/strong>. Prep\u00edna\u010d jazykov n\u00e1jdete v hlavnom menu. <\/p>\n\n\n<div class=\"wp-block-image\">\n<figure class=\"aligncenter size-full\"><img decoding=\"async\" width=\"800\" height=\"420\" src=\"https:\/\/wisdomhub.staffino.com\/wp-content\/uploads\/2025\/07\/ezgif.com-video-to-gif-converter-2.gif\" alt=\"\" class=\"wp-image-12754\"\/><\/figure>\n<\/div>\n\n\n<p><strong>Kateg\u00f3rie (hlavn\u00e9 kapitoly)<\/strong><br>Hlavn\u00e9 kateg\u00f3rie predstavuj\u00fa jednotliv\u00e9 \u010dasti platformy Staffino \u2013 od z\u00e1kladov, nastaven\u00ed, \u0161trukt\u00fary a t\u00edmu, cez editor dotazn\u00edkov, v\u00fdsledky, a\u017e po spr\u00e1vu sp\u00e4tnej v\u00e4zby, preferenci\u00ed a distrib\u00facie prieskumov. Samostatn\u00e1 kateg\u00f3ria je venovan\u00e1 aj implementa\u010dn\u00e9mu procesu, resp. setup-u. Ka\u017ed\u00e1 kateg\u00f3ria obsahuje podrobn\u00e9 \u010dl\u00e1nky o tom, ako vytv\u00e1ra\u0165, upravova\u0165, odstra\u0148ova\u0165, obnovova\u0165 alebo vykon\u00e1va\u0165 r\u00f4zne akcie pod\u013ea funkci\u00ed a mo\u017enost\u00ed platformy Staffino. V\u0161etky kateg\u00f3rie si m\u00f4\u017eete prezrie\u0165 <a href=\"https:\/\/wisdomhub.staffino.com\/docs\/wisdom-hub-docs\/?_gl=1*1akqzec*_up*MQ..*_ga*NDc1Mjk0NDEyLjE3NTEzNjU0NTY.*_ga_ZQBQ8MZ7BS*czE3NTEzNjU0NTMkbzEkZzEkdDE3NTEzNjU0NzYkajM3JGwwJGgw\" data-type=\"link\" data-id=\"https:\/\/wisdomhub.staffino.com\/docs\/wisdom-hub-docs\/?_gl=1*1akqzec*_up*MQ..*_ga*NDc1Mjk0NDEyLjE3NTEzNjU0NTY.*_ga_ZQBQ8MZ7BS*czE3NTEzNjU0NTMkbzEkZzEkdDE3NTEzNjU0NzYkajM3JGwwJGgw\">tu.<\/a>   <\/p>\n\n\n<div class=\"wp-block-image\">\n<figure class=\"aligncenter size-large\"><img decoding=\"async\" width=\"1024\" height=\"811\" src=\"https:\/\/wisdomhub.staffino.com\/wp-content\/uploads\/2025\/07\/categories-1024x811.png\" alt=\"\" class=\"wp-image-12756\" srcset=\"https:\/\/wisdomhub.staffino.com\/wp-content\/uploads\/2025\/07\/categories-1024x811.png 1024w, https:\/\/wisdomhub.staffino.com\/wp-content\/uploads\/2025\/07\/categories-300x238.png 300w, https:\/\/wisdomhub.staffino.com\/wp-content\/uploads\/2025\/07\/categories-768x608.png 768w, https:\/\/wisdomhub.staffino.com\/wp-content\/uploads\/2025\/07\/categories-1536x1217.png 1536w, https:\/\/wisdomhub.staffino.com\/wp-content\/uploads\/2025\/07\/categories.png 1752w\" sizes=\"(max-width: 1024px) 100vw, 1024px\" \/><\/figure>\n<\/div>\n\n\n<p><strong>Str\u00e1nka \u010dl\u00e1nku<\/strong><br>Hne\u010f navrchu ka\u017ed\u00e9ho \u010dl\u00e1nku sa zobrazuje indik\u00e1tor priebehu \u010d\u00edtania \u2013 v\u010faka nemu vid\u00edte, ko\u013eko ste u\u017e pre\u010d\u00edtali a ako \u010faleko ste od konca \u010dl\u00e1nku. Pod\u013ea navig\u00e1cie zasa viete, ako ste sa k aktu\u00e1lnemu \u010dl\u00e1nku dostali. Na pravej strane m\u00f4\u017eete vidie\u0165 d\u00e1tum poslednej aktualiz\u00e1cie \u010dl\u00e1nku.<br><br>Ni\u017e\u0161ie na str\u00e1nke n\u00e1jdete na \u013eavej strane zoznam v\u0161etk\u00fdch kateg\u00f3ri\u00ed a konkr\u00e9tnych \u010dl\u00e1nkov v r\u00e1mci ka\u017edej kateg\u00f3rie. Na pravej strane m\u00f4\u017eete \u010dl\u00e1nok zdie\u013ea\u0165, zmeni\u0165 vzh\u013ead webu alebo prech\u00e1dza\u0165 obsah \u010dl\u00e1nku cez tabu\u013eku s preh\u013eadom. Po kliknut\u00ed na konkr\u00e9tnu t\u00e9mu budete automaticky presmerovan\u00ed na pr\u00edslu\u0161n\u00fa \u010das\u0165 \u010dl\u00e1nku. <br><br>V \u010dl\u00e1nkoch sa m\u00f4\u017eu nach\u00e1dza\u0165 obr\u00e1zky, vide\u00e1 alebo GIFy, ktor\u00e9 pom\u00e1haj\u00fa lep\u0161ie pochopi\u0165 obsah. Hypertextov\u00e9 odkazy v\u00e1s m\u00f4\u017eu presmerova\u0165 na in\u00e9 \u010dasti Wisdom Hub-u, platformy Staffino alebo na relevantn\u00e9 extern\u00e9 zdroje. Na konci ka\u017ed\u00e9ho \u010dl\u00e1nku n\u00e1jdete sekciu, kde m\u00f4\u017eete \u010dl\u00e1nok ohodnoti\u0165.<\/p>\n\n\n<div class=\"wp-block-image\">\n<figure class=\"aligncenter size-full\"><img loading=\"lazy\" decoding=\"async\" width=\"800\" height=\"634\" src=\"https:\/\/wisdomhub.staffino.com\/wp-content\/uploads\/2025\/07\/Zznamobrazovky2025-07-01o12.39.55-ezgif.com-video-to-gif-converter-1.gif\" alt=\"\" class=\"wp-image-12760\"\/><\/figure>\n<\/div>\n\n\n<p><br><strong>Hodnotenie \u010dl\u00e1nku<\/strong><br>Ka\u017ed\u00fd \u010dl\u00e1nok je mo\u017en\u00e9 ohodnoti\u0165 v dolnej \u010dasti str\u00e1nky. Pom\u00e1ha n\u00e1m to zlep\u0161ova\u0165 obsah na z\u00e1klade va\u0161ej sp\u00e4tnej v\u00e4zby. <\/p>\n\n\n<div class=\"wp-block-image\">\n<figure class=\"aligncenter size-full\"><img loading=\"lazy\" decoding=\"async\" width=\"692\" height=\"187\" src=\"https:\/\/wisdomhub.staffino.com\/wp-content\/uploads\/2025\/07\/Zznamobrazovky2025-07-01o12.39.55-ezgif.com-crop.gif\" alt=\"\" class=\"wp-image-12762\"\/><\/figure>\n<\/div>\n\n\n<p><strong>Vzh\u013ead str\u00e1nky (t\u00e9my)<\/strong><br>Wisdom Hub je dostupn\u00fd v dvoch farebn\u00fdch t\u00e9mach: <strong>tmav\u00e1 (ikona mesiaca \ud83c\udf19) a svetl\u00e1 (ikona slnka \ud83c\udf1e)<\/strong>. Na prep\u00ednanie vzh\u013eadu str\u00e1nky pou\u017eite prep\u00edna\u010d t\u00e9m v hlavnom menu.<br><br> <\/p>\n\n\n<div class=\"wp-block-image\">\n<figure class=\"aligncenter size-full\"><img loading=\"lazy\" decoding=\"async\" width=\"800\" height=\"634\" src=\"https:\/\/wisdomhub.staffino.com\/wp-content\/uploads\/2025\/07\/Zznamobrazovky2025-07-01o12.44.33-ezgif.com-speed.gif\" alt=\"\" class=\"wp-image-12764\"\/><\/figure>\n<\/div>\n\n\n<p><strong>Str\u00e1nka Kontaktujte n\u00e1s<\/strong><br>Nena\u0161li ste, \u010do h\u013ead\u00e1te? Vypl\u0148te kontaktn\u00fd formul\u00e1r na <a href=\"https:\/\/wisdomhub.staffino.com\/sk\/kontakt\/\" data-type=\"page\" data-id=\"9760\">str\u00e1nke Kontakt<\/a>, aby ste sa spojili s na\u0161\u00edm t\u00edmom z\u00e1kazn\u00edckej podpory. <\/p>\n\n\n<div class=\"wp-block-image\">\n<figure class=\"aligncenter size-large\"><img loading=\"lazy\" decoding=\"async\" width=\"1024\" height=\"468\" src=\"https:\/\/wisdomhub.staffino.com\/wp-content\/uploads\/2025\/07\/contactpage-1024x468.png\" alt=\"\" class=\"wp-image-12766\" srcset=\"https:\/\/wisdomhub.staffino.com\/wp-content\/uploads\/2025\/07\/contactpage-1024x468.png 1024w, https:\/\/wisdomhub.staffino.com\/wp-content\/uploads\/2025\/07\/contactpage-300x137.png 300w, https:\/\/wisdomhub.staffino.com\/wp-content\/uploads\/2025\/07\/contactpage-768x351.png 768w, https:\/\/wisdomhub.staffino.com\/wp-content\/uploads\/2025\/07\/contactpage.png 1408w\" sizes=\"(max-width: 1024px) 100vw, 1024px\" \/><\/figure>\n<\/div>\n\n\n<p><strong>Formul\u00e1r na odber Staffino noviniek<\/strong><br>Na r\u00f4znych miestach webu m\u00f4\u017eete narazi\u0165 na formul\u00e1r na prihl\u00e1senie k odberu Staffino noviniek. Po prihl\u00e1sen\u00ed z\u00edskate pr\u00edstup k exkluz\u00edvnym \u010dl\u00e1nkom, \u0161t\u00fadi\u00e1m a tipom zo sveta z\u00e1kazn\u00edckej a zamestnaneckej sk\u00fasenosti. Kontaktova\u0165 v\u00e1s budeme iba raz mesa\u010dne formou e-mailov\u00e9ho newslettera.  <\/p>\n\n\n<div class=\"wp-block-image\">\n<figure class=\"aligncenter size-large\"><img loading=\"lazy\" decoding=\"async\" width=\"1024\" height=\"527\" src=\"https:\/\/wisdomhub.staffino.com\/wp-content\/uploads\/2025\/07\/xmnews-1024x527.png\" alt=\"\" class=\"wp-image-12768\" srcset=\"https:\/\/wisdomhub.staffino.com\/wp-content\/uploads\/2025\/07\/xmnews-1024x527.png 1024w, https:\/\/wisdomhub.staffino.com\/wp-content\/uploads\/2025\/07\/xmnews-300x154.png 300w, https:\/\/wisdomhub.staffino.com\/wp-content\/uploads\/2025\/07\/xmnews-768x395.png 768w, https:\/\/wisdomhub.staffino.com\/wp-content\/uploads\/2025\/07\/xmnews.png 1408w\" sizes=\"(max-width: 1024px) 100vw, 1024px\" \/><\/figure>\n<\/div>\n\n\n<p>Ver\u00edme, \u017ee po pre\u010d\u00edtan\u00ed t\u00fdchto tipov m\u00e1te jasnej\u0161\u00ed preh\u013ead o tom, \u010do Wisdom Hub pon\u00faka a ako ho vyu\u017ei\u0165 naplno.<\/p>\n","protected":false},"excerpt":{"rendered":"<p>Jednoduch\u00fd n\u00e1vod, ako sa zorientova\u0165 v Staffino Wisdom Hub Ste na str\u00e1nke Staffino Wisdom Hub prv\u00fdkr\u00e1t? Tu je p\u00e1r u\u017eito\u010dn\u00fdch tipov a inform\u00e1ci\u00ed, ktor\u00e9 v\u00e1m pom\u00f4\u017eu zorientova\u0165 sa na nej. Vyh\u013ead\u00e1vacie poliaPrv\u00e9 vyh\u013ead\u00e1vacie pole sa nach\u00e1dza priamo na domovskej str\u00e1nke \u2013 sta\u010d\u00ed za\u010da\u0165 p\u00edsa\u0165 a inteligentn\u00e9 vyh\u013ead\u00e1vanie v\u00e1m pon\u00fakne relevantn\u00e9 \u010dl\u00e1nky. Aktu\u00e1lne popul\u00e1rne \u010dl\u00e1nky funguj\u00fa [&hellip;]<\/p>\n","protected":false},"author":2,"featured_media":0,"parent":0,"menu_order":0,"comment_status":"closed","ping_status":"closed","template":"","meta":{"_acf_changed":false,"content-type":"","footnotes":""},"class_list":["post-12775","page","type-page","status-publish","hentry","no-post-thumbnail"],"acf":[],"_links":{"self":[{"href":"https:\/\/wisdomhub.staffino.com\/sk\/wp-json\/wp\/v2\/pages\/12775","targetHints":{"allow":["GET"]}}],"collection":[{"href":"https:\/\/wisdomhub.staffino.com\/sk\/wp-json\/wp\/v2\/pages"}],"about":[{"href":"https:\/\/wisdomhub.staffino.com\/sk\/wp-json\/wp\/v2\/types\/page"}],"author":[{"embeddable":true,"href":"https:\/\/wisdomhub.staffino.com\/sk\/wp-json\/wp\/v2\/users\/2"}],"replies":[{"embeddable":true,"href":"https:\/\/wisdomhub.staffino.com\/sk\/wp-json\/wp\/v2\/comments?post=12775"}],"version-history":[{"count":4,"href":"https:\/\/wisdomhub.staffino.com\/sk\/wp-json\/wp\/v2\/pages\/12775\/revisions"}],"predecessor-version":[{"id":12788,"href":"https:\/\/wisdomhub.staffino.com\/sk\/wp-json\/wp\/v2\/pages\/12775\/revisions\/12788"}],"wp:attachment":[{"href":"https:\/\/wisdomhub.staffino.com\/sk\/wp-json\/wp\/v2\/media?parent=12775"}],"curies":[{"name":"wp","href":"https:\/\/api.w.org\/{rel}","templated":true}]}}